{"id":8438,"date":"2025-10-16T05:53:33","date_gmt":"2025-10-16T05:53:33","guid":{"rendered":"https:\/\/www.justjoyas.com\/produit\/calendrier-de-lavent-bijoux-acier-inoxydable-prenium\/"},"modified":"2025-10-16T05:53:33","modified_gmt":"2025-10-16T05:53:33","slug":"calendrier-de-lavent-bijoux-acier-inoxydable-prenium","status":"publish","type":"product","link":"https:\/\/www.justjoyas.com\/fr\/produit\/calendrier-de-lavent-bijoux-acier-inoxydable-prenium\/","title":{"rendered":"Calendrier de l&rsquo;avent bijoux acier inoxydable &#8211; Prenium"},"content":{"rendered":"<h3><strong>\u00c0 quoi s\u2019attendre de ce calendrier ?<\/strong><\/h3>\n<p>Notre calendrier de l&rsquo;Avent est soigneusement con\u00e7u pour vous proposer<strong> 12 magnifiques bijoux <\/strong>faciles \u00e0 assortir. Voici un aper\u00e7u de son contenu : <\/p>\n<ul>\n<li><strong>Des colliers <\/strong>avec des pendentifs d\u00e9licats qui font une d\u00e9claration<\/li>\n<li><strong>Des bracelets<\/strong> aux designs charmants, des manchettes \u00e9l\u00e9gantes aux bracelets \u00e0 cha\u00eene<\/li>\n<li><strong>Des boucles d&rsquo;oreilles<\/strong> allant des clous \u00e9l\u00e9gants aux cr\u00e9oles tendance<\/li>\n<li><strong>Des bagues <\/strong>qui ajoutent une touche de sophistication \u00e0 n&rsquo;importe quel look<\/li>\n<\/ul>\n<p>Calendrier de l&rsquo;Avent bijoux en acier inoxydable &#8211; Version Premium (12 bijoux &#8211; 12 pochettes)<\/p>\n<p>12 Bijoux en Acier Inoxydable &#8211; Version Premium<br \/>\n\ud83c\udf81 Offrez-vous 12 ou 24 jours de magie scintillante<br \/>\nD\u00e9couvrez chaque matin de d\u00e9cembre une surprise bijou dans notre \u00e9l\u00e9gant coffret rouge aux pochettes dor\u00e9es num\u00e9rot\u00e9es. Cette version premium transforme l&rsquo;attente de No\u00ebl en v\u00e9ritable rituel beaut\u00e9.<br \/>\n\ud83d\udc8e Composition du calendrier :<\/p>\n<p>\u2728 2 bracelets \u00e9l\u00e9gants<br \/>\n\u2728 1 bracelet raffin\u00e9<br \/>\n\u2728 3 bagues luxueuses<br \/>\n\u2728 3 colliers tendance<br \/>\n\u2728 3 paires de boucles d&rsquo;oreilles<br \/>\nTout en acier inoxydable de qualit\u00e9<\/p>\n<p>\ud83c\udf1f Points forts :<\/p>\n<p>Emballage soign\u00e9 : \u00c9l\u00e9gant coffret cadeau rouge avec ruban de satin<br \/>\n12 pochettes dor\u00e9es num\u00e9rot\u00e9es pour prolonger la magie<br \/>\nQualit\u00e9 garantie : Acier inoxydable hypoallerg\u00e9nique, durable et antirouille<br \/>\nCadeau unique : Chaque calendrier contient une s\u00e9lection diff\u00e9rente de bijoux con\u00e7us par nos soins, fabriqu\u00e9s \u00e0 la main ou soigneusement s\u00e9lectionn\u00e9s aupr\u00e8s de nos fournisseurs de qualit\u00e9<\/p>\n<p>Personnalisation gratuite :<br \/>\nRendez ce cadeau encore plus sp\u00e9cial en ajoutant :<\/p>\n<p>Une initiale (version or ou argent)<br \/>\nUn signe astrologique (version or uniquement) dans la limite du disponible<br \/>\nUn pr\u00e9nom de votre choix<\/p>\n<p>A pr\u00e9ciser dans la case optionnelle lors de la commande<\/p>\n<p>Id\u00e9al pour :<\/p>\n<p>Faites-vous plaisir tout au long du mois de d\u00e9cembre.<br \/>\nOffrez-le \u00e0 un \u00eatre cher (maman, s\u0153ur, meilleure amie, fille\u2026).<br \/>\nCr\u00e9ez une collection de bijoux assortis.<\/p>\n<p>Version \u00ab Soleil \u00bb :<br \/>\n&#8211; La version Soleil aborde les th\u00e8mes des symboles c\u00e9lestes et cosmiques, du voyage et de l&rsquo;oc\u00e9an, ainsi que du spirituel et du mystique.<br \/>\n\ud83d\udc64 Pour les femmes spirituelles en qu\u00eate de sens, porteuses d&rsquo;intentions positives et amoureuses des symboles.<\/p>\n<p>&#8211; La version \u00ab Essentiel \u00bb :<br \/>\n* Des basiques et polyvalents<br \/>\n* Pour tous les jours<br \/>\n\ud83d\udc64 Pour les femmes en qu\u00eate d&rsquo;essentiels \u00e9l\u00e9gants et discrets.<\/p>\n<p>&#8211; La version \u00ab Originale \u00bb :<br \/>\n* Pi\u00e8ces vari\u00e9es et originales<br \/>\n\ud83d\udc64 Pour les femmes qui aiment varier les looks, ne se limitent pas \u00e0 un seul style et recherchent une pi\u00e8ce d&rsquo;exception.<\/p>\n<p>&#8211; Version \u00ab \u00c9dition Perle \u00bb :<br \/>\n* Des pi\u00e8ces en perles et pierres naturelles<br \/>\n\ud83d\udc64 Pour les femmes raffin\u00e9es qui appr\u00e9cient l&rsquo;authenticit\u00e9<\/p>\n<p>&#8211; Version \u00ab M\u00e8re et Enfant \u00bb :<br \/>\n* Bijoux assortis m\u00e8re-fille<br \/>\n* Duo (1 grand + 1 petit)<br \/>\n* Symboles des liens familiaux (c\u0153urs, infini, arbre de vie, etc.)<br \/>\n* 6 bijoux pour maman + 6 bijoux pour enfant<br \/>\n* Des mod\u00e8les coordonn\u00e9s et adapt\u00e9s \u00e0 chaque \u00e2ge<br \/>\n\ud83d\udc64 Pour les mamans qui souhaitent partager un moment pr\u00e9cieux avec leur enfant, gr\u00e2ce \u00e0 des bijoux assortis symbolisant leur lien unique<\/p>\n<p>Version \u00ab Ado \u00bb : <br \/>* Des pi\u00e8ces amusantes, color\u00e9es et tendance<br \/>\n* Des bijoux mignons et ludiques<br \/>\n* Des styles TikTok\/Instagram<br \/>\n* Des tailles adapt\u00e9es (plus petites, plus d\u00e9licates)<br \/>\n* Des motifs jeunes<\/p>\n<p>Remarque : Les photos montrent des exemples de bijoux. Chaque calendrier \u00e9tant unique, son contenu peut varier tout en conservant la m\u00eame qualit\u00e9 et le m\u00eame nombre de pi\u00e8ces.<br \/>\n\ud83c\udf84 Livraison garantie avant d\u00e9cembre<\/p>\n","protected":false},"excerpt":{"rendered":"<h3><strong>Pourquoi choisir notre calendrier de l&rsquo;Avent de bijoux en acier inoxydable ?<\/strong><\/h3>\n<ol>\n<li><strong>Durable et hypoallerg\u00e9nique : <\/strong>L&rsquo;acier inoxydable est reconnu pour sa solidit\u00e9, sa durabilit\u00e9 et sa r\u00e9sistance au ternissement, ce qui en fait un mat\u00e9riau id\u00e9al pour la fabrication de bijoux. Hypoallerg\u00e9nique, il convient donc aux peaux sensibles. <\/li>\n<li><strong>Mod\u00e8les \u00e9l\u00e9gants :<\/strong> Des pi\u00e8ces modernes et minimalistes aux styles classiques et \u00e9l\u00e9gants, ce calendrier de l&rsquo;Avent offre une vari\u00e9t\u00e9 de mod\u00e8les pour tous les go\u00fbts. Chaque pi\u00e8ce est con\u00e7ue pour \u00eatre intemporelle, vous permettant de la porter longtemps apr\u00e8s les f\u00eates. <\/li>\n<li><strong>Cadeau id\u00e9al pour les f\u00eates : <\/strong>En qu\u00eate d&rsquo;une id\u00e9e cadeau originale ? Ce calendrier de l&rsquo;Avent de 12 bijoux est parfait pour les passionn\u00e9s de bijoux. Surprenez vos proches avec un nouveau bijou chaque jour jusqu&rsquo;\u00e0 No\u00ebl. Un cadeau qui dure !   <\/li>\n<\/ol>\n","protected":false},"featured_media":8419,"comment_status":"open","ping_status":"closed","template":"","meta":{"_monsterinsights_skip_tracking":false,"_monsterinsights_sitenote_active":false,"_monsterinsights_sitenote_note":"","_monsterinsights_sitenote_category":0},"product_brand":[],"product_cat":[97],"product_tag":[],"class_list":{"0":"post-8438","1":"product","2":"type-product","3":"status-publish","4":"has-post-thumbnail","6":"product_cat-evenement","8":"first","9":"instock","10":"shipping-taxable","11":"purchasable","12":"product-type-variable"},"jetpack_sharing_enabled":true,"_links":{"self":[{"href":"https:\/\/www.justjoyas.com\/fr\/wp-json\/wp\/v2\/product\/8438","targetHints":{"allow":["GET"]}}],"collection":[{"href":"https:\/\/www.justjoyas.com\/fr\/wp-json\/wp\/v2\/product"}],"about":[{"href":"https:\/\/www.justjoyas.com\/fr\/wp-json\/wp\/v2\/types\/product"}],"replies":[{"embeddable":true,"href":"https:\/\/www.justjoyas.com\/fr\/wp-json\/wp\/v2\/comments?post=8438"}],"wp:featuredmedia":[{"embeddable":true,"href":"https:\/\/www.justjoyas.com\/fr\/wp-json\/wp\/v2\/media\/8419"}],"wp:attachment":[{"href":"https:\/\/www.justjoyas.com\/fr\/wp-json\/wp\/v2\/media?parent=8438"}],"wp:term":[{"taxonomy":"product_brand","embeddable":true,"href":"https:\/\/www.justjoyas.com\/fr\/wp-json\/wp\/v2\/product_brand?post=8438"},{"taxonomy":"product_cat","embeddable":true,"href":"https:\/\/www.justjoyas.com\/fr\/wp-json\/wp\/v2\/product_cat?post=8438"},{"taxonomy":"product_tag","embeddable":true,"href":"https:\/\/www.justjoyas.com\/fr\/wp-json\/wp\/v2\/product_tag?post=8438"}],"curies":[{"name":"wp","href":"https:\/\/api.w.org\/{rel}","templated":true}]}}