{"id":5321,"date":"2025-05-20T17:46:45","date_gmt":"2025-05-20T17:46:45","guid":{"rendered":"https:\/\/www.justjoyas.com\/produit\/collier-mere-fille-en-acier-inoxydable\/"},"modified":"2025-05-20T17:46:45","modified_gmt":"2025-05-20T17:46:45","slug":"collier-mere-fille-en-acier-inoxydable","status":"publish","type":"product","link":"https:\/\/www.justjoyas.com\/fr\/produit\/collier-mere-fille-en-acier-inoxydable\/","title":{"rendered":"Collier m\u00e8re fille en acier inoxydable"},"content":{"rendered":"<p class=\"\" data-start=\"183\" data-end=\"382\"><strong data-start=\"183\" data-end=\"226\">Deux \u00e2mes, deux g\u00e9n\u00e9rations \u2014 un seul c\u0153ur.<\/strong><br data-start=\"226\" data-end=\"229\">Ce<strong data-start=\"262\" data-end=\"278\"> collier soleil <\/strong>en acier inoxydable plaqu\u00e9 or c\u00e9l\u00e8bre le lien ind\u00e9fectible entre m\u00e8re et fille, s\u0153urs ou femmes dont l&rsquo;\u00e2me est unie.<\/p>\n<p class=\"\" data-start=\"384\" data-end=\"652\">Son <strong data-start=\"388\" data-end=\"403\">fermoir en T<\/strong> apporte une touche moderne et audacieuse, tandis que le pendentif soleil rayonnant apporte une <strong data-start=\"469\" data-end=\"500\">touche symbolique et po\u00e9tique.<\/strong><br data-start=\"501\" data-end=\"504\">Con\u00e7ue comme un hommage \u00e0<strong data-start=\"533\" data-end=\"565\"> l&rsquo;\u00e9nergie solaire <\/strong>que nous portons en nous, cette pi\u00e8ce honore la force <strong data-start=\"585\" data-end=\"606\">f\u00e9minine,<\/strong> la<strong data-start=\"608\" data-end=\"623\"> lumi\u00e8re int\u00e9rieure<\/strong> et <strong data-start=\"629\" data-end=\"651\">l&rsquo;amour inconditionnel.<\/strong><\/p>\n<blockquote data-start=\"654\" data-end=\"797\">\n<p class=\"\" data-start=\"656\" data-end=\"797\">Ce soleil est une promesse \u2014<br data-start=\"679\" data-end=\"682\">Une promesse d\u2019amour constant,<br data-start=\"711\" data-end=\"714\">Une lumi\u00e8re qui ne s\u2019\u00e9teint jamais,<br data-start=\"741\" data-end=\"744\">Une fa\u00e7on silencieuse de dire <em data-start=\"769\" data-end=\"797\">\u00ab Je suis toujours l\u00e0 pour toi. \u00bb<\/em><\/p>\n<\/blockquote>\n<p class=\"\" data-start=\"799\" data-end=\"960\">\ud83c\udf1e Le cadeau id\u00e9al et significatif pour une maman, une fille, une meilleure amie ou pour vous-m\u00eame.<br data-start=\"877\" data-end=\"880\">\ud83d\udc9b \u00c9galement disponible en coffret cadeau m\u00e8re-fille, exclusivement chez <strong data-start=\"903\" data-end=\"931\">JustJoyas.<\/strong><\/p>\n<p class=\"\" data-start=\"82\" data-end=\"194\"><strong data-start=\"82\" data-end=\"192\">Cette pi\u00e8ce a \u00e9t\u00e9 imagin\u00e9e comme une petite \u00e9tincelle de lumi\u00e8re \u00e0 porter pr\u00e8s du c\u0153ur, m\u00eame lorsque la distance s&rsquo;installe.<\/strong><\/p>\n<p class=\"\" data-start=\"201\" data-end=\"266\"><strong data-start=\"201\" data-end=\"266\">Une fa\u00e7on silencieuse de dire \u00ab je suis avec toi \u00bb, sans avoir besoin de parler.<\/strong><\/p>\n","protected":false},"excerpt":{"rendered":"<p>Collier m\u00e8re fille en acier inoxydable. (\u00c0 partir de + de 11 ans) <\/p>\n<p>Taille diff\u00e9rente (Pour autre taille contactez-nous)<\/p>\n","protected":false},"featured_media":4928,"comment_status":"open","ping_status":"closed","template":"","meta":{"_monsterinsights_skip_tracking":false,"_monsterinsights_sitenote_active":false,"_monsterinsights_sitenote_note":"","_monsterinsights_sitenote_category":0},"product_brand":[],"product_cat":[94,97],"product_tag":[],"class_list":{"0":"post-5321","1":"product","2":"type-product","3":"status-publish","4":"has-post-thumbnail","6":"product_cat-enfants-adolescent","7":"product_cat-evenement","9":"first","10":"instock","11":"shipping-taxable","12":"purchasable","13":"product-type-variable"},"jetpack_sharing_enabled":true,"_links":{"self":[{"href":"https:\/\/www.justjoyas.com\/fr\/wp-json\/wp\/v2\/product\/5321","targetHints":{"allow":["GET"]}}],"collection":[{"href":"https:\/\/www.justjoyas.com\/fr\/wp-json\/wp\/v2\/product"}],"about":[{"href":"https:\/\/www.justjoyas.com\/fr\/wp-json\/wp\/v2\/types\/product"}],"replies":[{"embeddable":true,"href":"https:\/\/www.justjoyas.com\/fr\/wp-json\/wp\/v2\/comments?post=5321"}],"wp:featuredmedia":[{"embeddable":true,"href":"https:\/\/www.justjoyas.com\/fr\/wp-json\/wp\/v2\/media\/4928"}],"wp:attachment":[{"href":"https:\/\/www.justjoyas.com\/fr\/wp-json\/wp\/v2\/media?parent=5321"}],"wp:term":[{"taxonomy":"product_brand","embeddable":true,"href":"https:\/\/www.justjoyas.com\/fr\/wp-json\/wp\/v2\/product_brand?post=5321"},{"taxonomy":"product_cat","embeddable":true,"href":"https:\/\/www.justjoyas.com\/fr\/wp-json\/wp\/v2\/product_cat?post=5321"},{"taxonomy":"product_tag","embeddable":true,"href":"https:\/\/www.justjoyas.com\/fr\/wp-json\/wp\/v2\/product_tag?post=5321"}],"curies":[{"name":"wp","href":"https:\/\/api.w.org\/{rel}","templated":true}]}}