{"id":5286,"date":"2025-05-13T19:44:45","date_gmt":"2025-05-13T19:44:45","guid":{"rendered":"https:\/\/www.justjoyas.com\/produit\/bracelet-cleopatre-en-acier-inoxydable\/"},"modified":"2025-05-13T19:44:45","modified_gmt":"2025-05-13T19:44:45","slug":"bracelet-cleopatre-en-acier-inoxydable","status":"publish","type":"product","link":"https:\/\/www.justjoyas.com\/fr\/produit\/bracelet-cleopatre-en-acier-inoxydable\/","title":{"rendered":"Bracelet Cl\u00e9op\u00e2tre en acier inoxydable"},"content":{"rendered":"<p class=\"\" data-start=\"225\" data-end=\"478\">Majestueux et sculptural, ce bracelet manchette en or s&rsquo;inspire de la beaut\u00e9 l\u00e9gendaire et du sens<strong data-start=\"297\" data-end=\"357\"> du style affirm\u00e9 de Cl\u00e9op\u00e2tre<\/strong>. V\u00e9ritable pi\u00e8ce d&rsquo;exception, il incarne <strong data-start=\"399\" data-end=\"438\">l&rsquo;\u00e9l\u00e9gance antique des reines \u00e9gyptiennes,<\/strong> m\u00eal\u00e9e \u00e0 une esth\u00e9tique moderne et \u00e9pur\u00e9e. <\/p>\n<p class=\"\" data-start=\"480\" data-end=\"723\">Fabriqu\u00e9 en<strong data-start=\"506\" data-end=\"537\"> acier inoxydable <\/strong>de haute qualit\u00e9, <strong data-start=\"543\" data-end=\"569\">sa finition miroir martel\u00e9e<\/strong> capte la lumi\u00e8re tel un rayon de soleil enveloppant votre poignet. Son design large et ouvert offre un confort optimal tout en <strong data-start=\"687\" data-end=\"722\">symbolisant force, puissance et f\u00e9minit\u00e9.<\/strong> <\/p>\n<p class=\"\" data-start=\"725\" data-end=\"878\">Parfait pour rehausser une tenue minimaliste ou pour briller lors d&rsquo;un \u00e9v\u00e9nement sp\u00e9cial, ce bracelet <strong data-start=\"828\" data-end=\"877\">incarne l&rsquo;union d&rsquo;un charisme intemporel<\/strong> et d&rsquo;une touche contemporaine audacieuse.<\/p>\n<hr class=\"\" data-start=\"880\" data-end=\"883\">\n<h3 class=\"\" data-start=\"885\" data-end=\"902\"><strong data-start=\"889\" data-end=\"902\">Caract\u00e9ristiques:<\/strong><\/h3>\n<ul data-start=\"903\" data-end=\"1093\">\n<li class=\"\" data-start=\"903\" data-end=\"963\">\n<p class=\"\" data-start=\"905\" data-end=\"963\">Acier inoxydable dor\u00e9 (hypoallerg\u00e9nique et durable)<\/p>\n<\/li>\n<li class=\"\" data-start=\"964\" data-end=\"1005\">\n<p class=\"\" data-start=\"966\" data-end=\"1005\">Finition miroir martel\u00e9e, polie \u00e0 la main<\/p>\n<\/li>\n<li class=\"\" data-start=\"1006\" data-end=\"1053\">\n<p class=\"\" data-start=\"1008\" data-end=\"1053\">Coupe ouverte et r\u00e9glable pour toutes les tailles de poignet<\/p>\n<\/li>\n<li class=\"\" data-start=\"1054\" data-end=\"1093\">\n<p class=\"\" data-start=\"1056\" data-end=\"1093\">R\u00e9sistant \u00e0 l&rsquo;eau, \u00e0 la transpiration et au ternissement<\/p>\n<\/li>\n<\/ul>\n","protected":false},"excerpt":{"rendered":"<h3 class=\"\" data-start=\"885\" data-end=\"902\">Bracelet Cl\u00e9op\u00e2tre en acier inoxydable<\/h3>\n<ul data-start=\"903\" data-end=\"1093\">\n<li class=\"\" data-start=\"903\" data-end=\"963\">\n<p class=\"\" data-start=\"905\" data-end=\"963\">Acier inoxydable plaqu\u00e9 or (hypoallerg\u00e9nique et durable)<\/p>\n<\/li>\n<li class=\"\" data-start=\"964\" data-end=\"1005\">\n<p class=\"\" data-start=\"966\" data-end=\"1005\">Finition miroir martel\u00e9e, polie \u00e0 la main<\/p>\n<\/li>\n<li class=\"\" data-start=\"1006\" data-end=\"1053\">\n<p class=\"\" data-start=\"1008\" data-end=\"1053\">Coupe ouverte et r\u00e9glable pour toutes les tailles de poignet<\/p>\n<\/li>\n<li class=\"\" data-start=\"1054\" data-end=\"1093\">\n<p class=\"\" data-start=\"1056\" data-end=\"1093\">R\u00e9sistant \u00e0 l&rsquo;eau, \u00e0 la transpiration et au ternissement<\/p>\n<\/li>\n<\/ul>\n","protected":false},"featured_media":4890,"comment_status":"open","ping_status":"closed","template":"","meta":{"_monsterinsights_skip_tracking":false,"_monsterinsights_sitenote_active":false,"_monsterinsights_sitenote_note":"","_monsterinsights_sitenote_category":0},"product_brand":[],"product_cat":[93],"product_tag":[111],"class_list":{"0":"post-5286","1":"product","2":"type-product","3":"status-publish","4":"has-post-thumbnail","6":"product_cat-bracelets-fr","7":"product_tag-dore","9":"first","10":"instock","11":"shipping-taxable","12":"purchasable","13":"product-type-simple"},"jetpack_sharing_enabled":true,"_links":{"self":[{"href":"https:\/\/www.justjoyas.com\/fr\/wp-json\/wp\/v2\/product\/5286","targetHints":{"allow":["GET"]}}],"collection":[{"href":"https:\/\/www.justjoyas.com\/fr\/wp-json\/wp\/v2\/product"}],"about":[{"href":"https:\/\/www.justjoyas.com\/fr\/wp-json\/wp\/v2\/types\/product"}],"replies":[{"embeddable":true,"href":"https:\/\/www.justjoyas.com\/fr\/wp-json\/wp\/v2\/comments?post=5286"}],"wp:featuredmedia":[{"embeddable":true,"href":"https:\/\/www.justjoyas.com\/fr\/wp-json\/wp\/v2\/media\/4890"}],"wp:attachment":[{"href":"https:\/\/www.justjoyas.com\/fr\/wp-json\/wp\/v2\/media?parent=5286"}],"wp:term":[{"taxonomy":"product_brand","embeddable":true,"href":"https:\/\/www.justjoyas.com\/fr\/wp-json\/wp\/v2\/product_brand?post=5286"},{"taxonomy":"product_cat","embeddable":true,"href":"https:\/\/www.justjoyas.com\/fr\/wp-json\/wp\/v2\/product_cat?post=5286"},{"taxonomy":"product_tag","embeddable":true,"href":"https:\/\/www.justjoyas.com\/fr\/wp-json\/wp\/v2\/product_tag?post=5286"}],"curies":[{"name":"wp","href":"https:\/\/api.w.org\/{rel}","templated":true}]}}