{"id":5105,"date":"2024-01-02T19:08:46","date_gmt":"2024-01-02T19:08:46","guid":{"rendered":"https:\/\/www.justjoyas.com\/produit\/bague-avec-etoile-en-acier-inoxydable\/"},"modified":"2024-01-02T19:08:46","modified_gmt":"2024-01-02T19:08:46","slug":"bague-avec-etoile-en-acier-inoxydable","status":"publish","type":"product","link":"https:\/\/www.justjoyas.com\/fr\/produit\/bague-avec-etoile-en-acier-inoxydable\/","title":{"rendered":"bague avec \u00e9toile en acier inoxydable"},"content":{"rendered":"<p>Notre bague verte en acier inoxydable incarne l&rsquo;\u00e9l\u00e9gance moderne. Son design \u00e9l\u00e9gant et sophistiqu\u00e9 attirera tous les regards et fera sensation. Fabriqu\u00e9e en acier inoxydable de haute qualit\u00e9, reconnu pour sa durabilit\u00e9 et sa r\u00e9sistance au ternissement, elle est id\u00e9ale au quotidien.  <\/p>\n<p>Le motif \u00e9toil\u00e9 de la bague lui conf\u00e8re une touche d&rsquo;originalit\u00e9 et de personnalit\u00e9, ce qui en fait un cadeau id\u00e9al pour un \u00eatre cher ou pour vous faire plaisir. Sa couleur verte symbolise la croissance et le renouveau, ce qui en fait l&rsquo;accessoire id\u00e9al pour ceux qui souhaitent embrasser le changement et prendre un nouveau d\u00e9part. <\/p>\n<p>La bague est disponible en plusieurs tailles pour un confort optimal. Elle se porte en toute occasion, que ce soit pour un \u00e9v\u00e9nement formel ou une sortie d\u00e9contract\u00e9e entre amis. Polyvalente, elle s&rsquo;accorde avec toutes vos tenues et ajoute une touche de sophistication \u00e0 votre look.  <\/p>\n<p>Dans notre boutique, nous sommes fiers de proposer des bijoux de haute qualit\u00e9, non seulement beaux, mais aussi abordables. Notre bague verte en acier inoxydable orn\u00e9e d&rsquo;une \u00e9toile ne fait pas exception. C&rsquo;est un excellent investissement qui durera des ann\u00e9es, ce qui en fait un ajout parfait \u00e0 toute collection de bijoux.  <\/p>\n<p>En conclusion, si vous recherchez une bague \u00e9l\u00e9gante et moderne qui ne passera pas inaper\u00e7ue, notre bague verte en acier inoxydable avec motif \u00e9toile est le choix id\u00e9al. Son design unique, sa durabilit\u00e9 et son prix abordable en font un excellent investissement que vous ne regretterez pas. Alors, n&rsquo;attendez plus ! Commandez la v\u00f4tre d\u00e8s aujourd&rsquo;hui et d\u00e9couvrez la beaut\u00e9 et l&rsquo;\u00e9l\u00e9gance de notre bague verte en acier inoxydable !   <\/p>\n<p>&nbsp;<\/p>\n","protected":false},"excerpt":{"rendered":"<p>Bague avec \u00e9toile en acier inoxydable<\/p>\n","protected":false},"featured_media":7519,"comment_status":"open","ping_status":"closed","template":"","meta":{"_monsterinsights_skip_tracking":false,"_monsterinsights_sitenote_active":false,"_monsterinsights_sitenote_note":"","_monsterinsights_sitenote_category":0},"product_brand":[],"product_cat":[105,102],"product_tag":[],"class_list":{"0":"post-5105","1":"product","2":"type-product","3":"status-publish","4":"has-post-thumbnail","6":"product_cat-bagues","7":"product_cat-edition-limitee","9":"first","10":"instock","11":"shipping-taxable","12":"purchasable","13":"product-type-simple"},"jetpack_sharing_enabled":true,"_links":{"self":[{"href":"https:\/\/www.justjoyas.com\/fr\/wp-json\/wp\/v2\/product\/5105","targetHints":{"allow":["GET"]}}],"collection":[{"href":"https:\/\/www.justjoyas.com\/fr\/wp-json\/wp\/v2\/product"}],"about":[{"href":"https:\/\/www.justjoyas.com\/fr\/wp-json\/wp\/v2\/types\/product"}],"replies":[{"embeddable":true,"href":"https:\/\/www.justjoyas.com\/fr\/wp-json\/wp\/v2\/comments?post=5105"}],"wp:featuredmedia":[{"embeddable":true,"href":"https:\/\/www.justjoyas.com\/fr\/wp-json\/wp\/v2\/media\/7519"}],"wp:attachment":[{"href":"https:\/\/www.justjoyas.com\/fr\/wp-json\/wp\/v2\/media?parent=5105"}],"wp:term":[{"taxonomy":"product_brand","embeddable":true,"href":"https:\/\/www.justjoyas.com\/fr\/wp-json\/wp\/v2\/product_brand?post=5105"},{"taxonomy":"product_cat","embeddable":true,"href":"https:\/\/www.justjoyas.com\/fr\/wp-json\/wp\/v2\/product_cat?post=5105"},{"taxonomy":"product_tag","embeddable":true,"href":"https:\/\/www.justjoyas.com\/fr\/wp-json\/wp\/v2\/product_tag?post=5105"}],"curies":[{"name":"wp","href":"https:\/\/api.w.org\/{rel}","templated":true}]}}