{"id":5288,"date":"2023-12-18T14:37:18","date_gmt":"2023-12-18T14:37:18","guid":{"rendered":"https:\/\/www.justjoyas.com\/politique-en-matiere-de-remboursements-et-de-retours\/"},"modified":"2025-05-30T12:37:44","modified_gmt":"2025-05-30T12:37:44","slug":"politique-en-matiere-de-remboursements-et-de-retours","status":"publish","type":"page","link":"https:\/\/www.justjoyas.com\/fr\/politique-en-matiere-de-remboursements-et-de-retours\/","title":{"rendered":"Politique en mati\u00e8re de remboursements et de retours"},"content":{"rendered":"\t\t<div data-elementor-type=\"wp-page\" data-elementor-id=\"5288\" class=\"elementor elementor-5288 elementor-47\" data-elementor-post-type=\"page\">\n\t\t\t\t<div class=\"elementor-element elementor-element-1e59d1b e-flex e-con-boxed e-con e-parent\" data-id=\"1e59d1b\" data-element_type=\"container\">\n\t\t\t\t\t<div class=\"e-con-inner\">\n\t\t\t\t<div class=\"elementor-element elementor-element-5e3395b9 elementor-widget elementor-widget-text-editor\" data-id=\"5e3395b9\" data-element_type=\"widget\" data-widget_type=\"text-editor.default\">\n\t\t\t\t\t\t\t\t\t\n<p><strong>Notre politique de remboursement et de retour est valable 14 jours. Pass\u00e9 ce d\u00e9lai, nous ne pouvons pas vous offrir un remboursement complet ni un \u00e9change. <\/strong><\/p>\n\n<p>Pour \u00eatre \u00e9ligible \u00e0 un retour, votre article doit \u00eatre inutilis\u00e9 et dans le m\u00eame \u00e9tat que lorsque vous l&rsquo;avez re\u00e7u. Il doit \u00e9galement \u00eatre dans son emballage d&rsquo;origine. <\/p>\n\n<p>Plusieurs types de marchandises sont exempt\u00e9s de retour.<\/p>\n\n<p>Articles suppl\u00e9mentaires non retournables :<\/p>\n\n<ul>\n<li>Cartes-cadeaux<\/li>\n<li>Boucles d&rsquo;oreilles<\/li>\n<\/ul>\n\n<p>Pour compl\u00e9ter votre retour, nous avons besoin d&rsquo;un re\u00e7u ou d&rsquo;une preuve d&rsquo;achat.<\/p>\n\n<p>Veuillez ne pas renvoyer votre achat directement au fabricant avant que nous vous ayons donn\u00e9 l&rsquo;adresse.<\/p>\n\n<h2>Remboursements<\/h2>\n\n<p>Une fois votre retour re\u00e7u et inspect\u00e9, nous vous enverrons un e-mail pour vous confirmer sa r\u00e9ception. Nous vous informerons \u00e9galement de l&rsquo;approbation ou du rejet de votre remboursement. <\/p>\n\n<p>Si votre demande est approuv\u00e9e, votre remboursement sera trait\u00e9 et un cr\u00e9dit sera automatiquement appliqu\u00e9 \u00e0 votre carte de cr\u00e9dit ou \u00e0 votre mode de paiement d&rsquo;origine, dans un certain d\u00e9lai.<\/p>\n\n<p><b>Remboursements tardifs ou manquants<\/b><\/p>\n\n<p>Si vous n\u2019avez pas encore re\u00e7u de remboursement, v\u00e9rifiez d\u2019abord \u00e0 nouveau votre compte bancaire.<\/p>\n\n<p>Contactez ensuite votre soci\u00e9t\u00e9 de carte de cr\u00e9dit, car cela peut prendre un certain temps avant que votre remboursement ne soit officiellement publi\u00e9.<\/p>\n\n<p>Contactez ensuite votre banque. Un d\u00e9lai de traitement est souvent n\u00e9cessaire avant qu&rsquo;un remboursement ne soit effectu\u00e9. <\/p>\n\n<p>Si vous avez effectu\u00e9 toutes ces \u00e9tapes et que vous n&rsquo;avez toujours pas re\u00e7u votre remboursement, veuillez nous contacter \u00e0 contact@justjoyas.com<\/p>\n\n<h2>\u00c9changes<\/h2>\n\n<p>Nous rempla\u00e7ons les articles uniquement s&rsquo;ils sont d\u00e9fectueux ou endommag\u00e9s. Pour un \u00e9change contre le m\u00eame article, envoyez-nous un e-mail \u00e0 contact@justjoyas.com et renvoyez-le \u00e0 l&rsquo;adresse qui vous sera communiqu\u00e9e. <\/p>\n\n<h2>Retours d&rsquo;exp\u00e9dition<\/h2>\n\n<p>Pour retourner votre produit, vous devez envoyer votre produit par courrier \u00e0 l&rsquo;adresse qui vous sera communiqu\u00e9e<\/p>\n<p><\/p>\n\n<p>Les frais de retour sont \u00e0 votre charge. Ces frais ne sont pas remboursables. En cas de remboursement, les frais de retour seront d\u00e9duits de celui-ci.  <\/p>\n\n<p>Selon l&rsquo;endroit o\u00f9 vous vivez, le temps n\u00e9cessaire pour que votre produit \u00e9chang\u00e9 vous parvienne peut varier.<\/p>\n\n<p>Si vous retournez des articles plus chers, vous pouvez envisager d&rsquo;utiliser un service de livraison avec suivi ou de souscrire une assurance livraison. Nous ne garantissons pas la r\u00e9ception de votre article retourn\u00e9. <\/p>\n\n<h2>Besoin d&rsquo;aide?<\/h2>\n\n<p>Contactez-nous \u00e0 Contact@justjoyas.com pour toute question relative aux remboursements et aux retours.<\/p>\n\t\t\t\t\t\t\t\t<\/div>\n\t\t\t\t\t<\/div>\n\t\t\t\t<\/div>\n\t\t\t\t<\/div>\n\t\t","protected":false},"excerpt":{"rendered":"<p>Notre politique de remboursement et de retour est valable 14 jours. Pass\u00e9 ce d\u00e9lai, nous ne pouvons pas vous offrir un remboursement complet ni un \u00e9change. Pour \u00eatre \u00e9ligible \u00e0 un retour, votre article doit \u00eatre inutilis\u00e9 et dans le m\u00eame \u00e9tat que lorsque vous l&rsquo;avez re\u00e7u. Il doit \u00e9galement \u00eatre dans son emballage d&rsquo;origine. [&hellip;]<\/p>\n","protected":false},"author":1,"featured_media":0,"parent":0,"menu_order":0,"comment_status":"closed","ping_status":"closed","template":"","meta":{"_monsterinsights_skip_tracking":false,"_monsterinsights_sitenote_active":false,"_monsterinsights_sitenote_note":"","_monsterinsights_sitenote_category":0,"footnotes":""},"class_list":["post-5288","page","type-page","status-publish","hentry"],"blocksy_meta":[],"jetpack_sharing_enabled":true,"_links":{"self":[{"href":"https:\/\/www.justjoyas.com\/fr\/wp-json\/wp\/v2\/pages\/5288","targetHints":{"allow":["GET"]}}],"collection":[{"href":"https:\/\/www.justjoyas.com\/fr\/wp-json\/wp\/v2\/pages"}],"about":[{"href":"https:\/\/www.justjoyas.com\/fr\/wp-json\/wp\/v2\/types\/page"}],"author":[{"embeddable":true,"href":"https:\/\/www.justjoyas.com\/fr\/wp-json\/wp\/v2\/users\/1"}],"replies":[{"embeddable":true,"href":"https:\/\/www.justjoyas.com\/fr\/wp-json\/wp\/v2\/comments?post=5288"}],"version-history":[{"count":0,"href":"https:\/\/www.justjoyas.com\/fr\/wp-json\/wp\/v2\/pages\/5288\/revisions"}],"wp:attachment":[{"href":"https:\/\/www.justjoyas.com\/fr\/wp-json\/wp\/v2\/media?parent=5288"}],"curies":[{"name":"wp","href":"https:\/\/api.w.org\/{rel}","templated":true}]}}